{"id":83,"date":"2020-08-04T15:35:13","date_gmt":"2020-08-04T13:35:13","guid":{"rendered":"https:\/\/textloft.de\/klein-fein-echt\/?page_id=83"},"modified":"2025-02-21T14:19:48","modified_gmt":"2025-02-21T13:19:48","slug":"auswahlkriterien","status":"publish","type":"page","link":"https:\/\/textloft.de\/klein-fein-echt\/auswahlkriterien\/","title":{"rendered":"Artikel auf &#8222;Klein &#8211; Fein &#8211; Echt&#8220;: Auswahlkriterien"},"content":{"rendered":"<p>Zwar k\u00f6nnen in \u201eKlein &#8211; Fein &#8211; Echt\u201c Artikel in Auftrag gegeben werden, doch m\u00fcssen hierzu pr\u00e4zise Bedingungen erf\u00fcllt werden.<\/p>\n<p>&nbsp;<\/p>\n<p><strong>F\u00dcR UNTERNEHMEN:<\/strong><br \/>\nNeben einer thematischen Stimmigkeit muss Ihr Unternehmen die Kriterien \u201eKlein\u201c, \u201eFein\u201c und \u201eEcht\u201c erf\u00fcllen, um im Magazin vorgestellt zu werden. Hierzu geh\u00f6ren pr\u00e4zise Anforderungen unter anderem an Ihre Unternehmensgr\u00f6\u00dfe, Ihren Ansatz, Ihr Gesch\u00e4ftsmodell, Ihre Philosophie und Ihre Werte, Ihre Produkte und Leistungen sowie die Qualit\u00e4t Ihres Unternehmens und Ihrer Produkte. Auch die \u00c4sthetik Ihrer Selbstdarstellung, zum Beispiel auf Ihrer Website, spielt eine Rolle.<\/p>\n<p>&nbsp;<\/p>\n<p><strong>F\u00dcR INITIATIVEN &amp; PROJEKTE:<\/strong><br \/>\nEthische und politische Grunds\u00e4tze m\u00fcssen mit den Zielsetzungen dieses Magazins vereinbar sein.<\/p>\n<p>&nbsp;<\/p>\n<p><strong>F\u00dcR PERSONEN:<\/strong><br \/>\nAuch wenn jede Lebensgeschichte es verdient, erz\u00e4hlt zu werden, k\u00f6nnen in \u201eKlein &#8211; Fein &#8211; Echt\u201c nur die Lebensentw\u00fcrfe vorgestellt werden, die auch inhaltlich mit den festgelegten Themen in Verbindung stehen.<\/p>\n<p>Diese Entscheidung dar\u00fcber, was auf \u201eKlein &#8211; Fein &#8211; Echt\u201c ver\u00f6ffentlicht wird, ist Teil der redaktionellen Freiheit und Unabh\u00e4ngigkeit, die ich mir vorbehalte.<\/p>\n","protected":false},"excerpt":{"rendered":"<p>Zwar k\u00f6nnen in \u201eKlein &#8211; Fein &#8211; Echt\u201c Artikel in Auftrag gegeben werden, doch m\u00fcssen hierzu pr\u00e4zise Bedingungen erf\u00fcllt werden. &nbsp; F\u00dcR UNTERNEHMEN: Neben einer&#8230;<\/p>\n<div class=\"more-link-wrapper\"><a class=\"more-link\" href=\"https:\/\/textloft.de\/klein-fein-echt\/auswahlkriterien\/\">mehr<span class=\"screen-reader-text\">Artikel auf &#8222;Klein &#8211; Fein &#8211; Echt&#8220;: Auswahlkriterien<\/span><\/a><\/div>\n","protected":false},"author":1,"featured_media":0,"parent":0,"menu_order":0,"comment_status":"closed","ping_status":"closed","template":"","meta":{"footnotes":""},"class_list":["post-83","page","type-page","status-publish","hentry","entry"],"_links":{"self":[{"href":"https:\/\/textloft.de\/klein-fein-echt\/wp-json\/wp\/v2\/pages\/83","targetHints":{"allow":["GET"]}}],"collection":[{"href":"https:\/\/textloft.de\/klein-fein-echt\/wp-json\/wp\/v2\/pages"}],"about":[{"href":"https:\/\/textloft.de\/klein-fein-echt\/wp-json\/wp\/v2\/types\/page"}],"author":[{"embeddable":true,"href":"https:\/\/textloft.de\/klein-fein-echt\/wp-json\/wp\/v2\/users\/1"}],"replies":[{"embeddable":true,"href":"https:\/\/textloft.de\/klein-fein-echt\/wp-json\/wp\/v2\/comments?post=83"}],"version-history":[{"count":8,"href":"https:\/\/textloft.de\/klein-fein-echt\/wp-json\/wp\/v2\/pages\/83\/revisions"}],"predecessor-version":[{"id":671,"href":"https:\/\/textloft.de\/klein-fein-echt\/wp-json\/wp\/v2\/pages\/83\/revisions\/671"}],"wp:attachment":[{"href":"https:\/\/textloft.de\/klein-fein-echt\/wp-json\/wp\/v2\/media?parent=83"}],"curies":[{"name":"wp","href":"https:\/\/api.w.org\/{rel}","templated":true}]}}