{"id":2,"date":"2020-07-30T19:54:44","date_gmt":"2020-07-30T17:54:44","guid":{"rendered":"http:\/\/www.klein-fein-echt.de\/?page_id=2"},"modified":"2025-03-26T13:04:16","modified_gmt":"2025-03-26T12:04:16","slug":"beispiel-seite","status":"publish","type":"page","link":"https:\/\/textloft.de\/klein-fein-echt\/","title":{"rendered":""},"content":{"rendered":"<p style=\"text-align: center;\">&#8230;ist ein Herzensprojekt \u00fcber<\/p>\n<p style=\"text-align: center;\">kleine, feine Manufakturen und alte Berufe<br \/>\nhandwerkliche Landwirtschaft, Crowdfarming, Hofl\u00e4den, Hofcaf\u00e9s und Hofhotels<br \/>\nFood&amp;Genuss, SlowLife &amp; Lebensqualit\u00e4t<br \/>\n\u00f6konomische Vernunft, echte Werte und die Wirtschaft von morgen<br \/>\noriginelle Gesch\u00e4ftsmodelle und ungew\u00f6hnliche Lebensentw\u00fcrfe<br \/>\nKleinstunternehmen und Einzelk\u00e4mpfer<br \/>\n\u00f6kologische Kunstprojekte<br \/>\n\u2026 und vieles mehr<\/p>\n<p style=\"text-align: center;\"><strong><span style=\"color: #993300;\"><a style=\"color: #993300;\" href=\"https:\/\/textloft.de\/klein-fein-echt\/ueber-klein-fein\/\">Mehr erfahren &#8230;<\/a><\/span><\/strong>\u00a0 \u00a0 \u00a0ODER \u00a0 \u00a0 <strong><span style=\"color: #993300;\"><a style=\"color: #993300;\" href=\"https:\/\/textloft.de\/klein-fein-echt\/lesen\">Artikel lesen &#8230;<\/a><\/span><\/strong><\/p>\n<p>&nbsp;<\/p>\n<p>&nbsp;<\/p>\n","protected":false},"excerpt":{"rendered":"<p>&#8230;ist ein Herzensprojekt \u00fcber kleine, feine Manufakturen und alte Berufe handwerkliche Landwirtschaft, Crowdfarming, Hofl\u00e4den, Hofcaf\u00e9s und Hofhotels Food&amp;Genuss, SlowLife &amp; Lebensqualit\u00e4t \u00f6konomische Vernunft, echte Werte&#8230;<\/p>\n<div class=\"more-link-wrapper\"><a class=\"more-link\" href=\"https:\/\/textloft.de\/klein-fein-echt\/\">mehr<span class=\"screen-reader-text\"><\/span><\/a><\/div>\n","protected":false},"author":1,"featured_media":0,"parent":0,"menu_order":0,"comment_status":"closed","ping_status":"open","template":"","meta":{"footnotes":""},"class_list":["post-2","page","type-page","status-publish","hentry","entry"],"_links":{"self":[{"href":"https:\/\/textloft.de\/klein-fein-echt\/wp-json\/wp\/v2\/pages\/2","targetHints":{"allow":["GET"]}}],"collection":[{"href":"https:\/\/textloft.de\/klein-fein-echt\/wp-json\/wp\/v2\/pages"}],"about":[{"href":"https:\/\/textloft.de\/klein-fein-echt\/wp-json\/wp\/v2\/types\/page"}],"author":[{"embeddable":true,"href":"https:\/\/textloft.de\/klein-fein-echt\/wp-json\/wp\/v2\/users\/1"}],"replies":[{"embeddable":true,"href":"https:\/\/textloft.de\/klein-fein-echt\/wp-json\/wp\/v2\/comments?post=2"}],"version-history":[{"count":69,"href":"https:\/\/textloft.de\/klein-fein-echt\/wp-json\/wp\/v2\/pages\/2\/revisions"}],"predecessor-version":[{"id":692,"href":"https:\/\/textloft.de\/klein-fein-echt\/wp-json\/wp\/v2\/pages\/2\/revisions\/692"}],"wp:attachment":[{"href":"https:\/\/textloft.de\/klein-fein-echt\/wp-json\/wp\/v2\/media?parent=2"}],"curies":[{"name":"wp","href":"https:\/\/api.w.org\/{rel}","templated":true}]}}