{"id":134,"date":"2020-08-04T16:51:26","date_gmt":"2020-08-04T14:51:26","guid":{"rendered":"https:\/\/textloft.de\/klein-fein-echt\/?page_id=134"},"modified":"2025-02-21T14:17:19","modified_gmt":"2025-02-21T13:17:19","slug":"ueber-klein-fein","status":"publish","type":"page","link":"https:\/\/textloft.de\/klein-fein-echt\/ueber-klein-fein\/","title":{"rendered":"\u00dcber Klein &#8211; Fein &#8211; Echt: 8 Fragen &#038; Antworten"},"content":{"rendered":"<p><strong>WAS IST \u201eKLEIN &#8211; FEIN &#8211; ECHT\u201c?<\/strong><\/p>\n<p>\u201eKlein &#8211; Fein &#8211; Echt\u201c ist ein f\u00fcr den Leser kostenloses Magazin aus Features, Kolumnen und Leitartikeln.<\/p>\n<p>&nbsp;<\/p>\n<p><strong>WER SCHREIBT HIER?<\/strong><\/p>\n<p>\u201eKlein &#8211; Fein &#8211; Echt\u201c ist ein Herzensprojekt der <a href=\"https:\/\/www.textloft.de\"><u>Freien Textk\u00fcnstlerin Martine Paulauskas<\/u><\/a>.<\/p>\n<p>&nbsp;<\/p>\n<p><strong>WORUM GEHT ES IN \u201eKLEIN &#8211; FEIN &#8211; ECHT\u201c?<\/strong><\/p>\n<p>Um Manufakturen, Handwerk und k\u00fcnstlerisches Handwerk.<br \/>\nUm handwerkliche Landwirtschaft, Crowdfarming, Hofl\u00e4den, Hofcaf\u00e9s und Hofhotels, und um originelle Ideen und Modelle.<br \/>\nUm vermeintlich vergessene, alte Traditionsberufe und ihre erstaunlich lebendige und vielversprechende Rolle in der Wirtschaft von morgen.<br \/>\nUm SlowWork, SlowFood, SlowCities, SlowMade und Slowlife.<br \/>\nUm Food, Genuss, Lebensmittelqualit\u00e4t.<br \/>\nUm Nachhaltigkeit und Lebensqualit\u00e4t.<br \/>\nUm echte Werte, Authentizit\u00e4t und \u00f6konomische Vernunft.<br \/>\nUm Originalit\u00e4t und Kreativit\u00e4t.<br \/>\nUm naturnahes Leben und Arbeiten.<br \/>\nUm Minimalismus, Gen\u00fcgsamkeit und Selbstbestimmtheit.<br \/>\nUm analoges Leben, analoge Wirtschaft und analoges Marketing.<br \/>\nUm gelungene Gesch\u00e4ftsmodellumstellungen und Back to the Roots-Ans\u00e4tze.<br \/>\nUm kunsthandwerkliche Ausbildungsmodelle.<br \/>\nUm bescheidene Lebensentw\u00fcrfe.<br \/>\nUm ungew\u00f6hnliche Initiativen.<br \/>\nAus aller Welt.<\/p>\n<p>&nbsp;<\/p>\n<p><strong>WIE KOMMEN DIE ARTIKEL IN \u201eKLEIN &#8211; FEIN &#8211; ECHT\u201c?<\/strong><\/p>\n<p>Kolumnen und Leitartikel werden <a href=\"https:\/\/www.textloft.de\/person\/\"><u>von mir<\/u><\/a> geschrieben und spiegeln lediglich meine Meinung, meine Ansichten und Einsch\u00e4tzungen wider.<br \/>\nArtikelthemen in diesem Magazin werden ausschlie\u00dflich von mir ausgesucht und bestimmt.<\/p>\n<p>In den meisten F\u00e4llen bedeutet dies, dass ich die Unternehmen, Einrichtungen oder Personen anschreibe, \u00fcber die ich einen Artikel ver\u00f6ffentlichen m\u00f6chte, und um Erlaubnis bitte, mir nach Durchsicht des Artikels die Ver\u00f6ffentlichung zu erlauben. Gegebenenfalls bitte ich um Fotos oder Abbildungen. \u00dcber diese Vorg\u00e4nge behalte ich in den Grenzen des von der DSGVO Erlaubten (s. meine <a href=\"https:\/\/textloft.de\/klein-fein-echt\/datenschutzerklaerung\/\"><u>Datenschutzerkl\u00e4rung<\/u><\/a>, insbesondere den Punkt Auftragsdaten) und ausschlie\u00dflich in Papierform (eMail-Ausdruck oder Briefe) Belege, die mir im Falle von Streitigkeiten erm\u00f6glichen, nachzuweisen, dass mir die Ver\u00f6ffentlichung des Posts in der gegebenen Form erlaubt worden ist. Unter dem Artikel erscheint dann eine kleine Danksagung und ggfs. die <u>nicht verlinkte<\/u> Website-Anschrift. Diese Artikel erscheinen kostenlos.<\/p>\n<p>&nbsp;<\/p>\n<p><strong>IST ES M\u00d6GLICH, EINEN ARTIKEL IN AUFTRAG ZU GEBEN?<\/strong><\/p>\n<p>In einem festgelegten Rahmen schon.<\/p>\n<p>Es m\u00fcssen allerdings <a href=\"https:\/\/textloft.de\/klein-fein-echt\/auswahlkriterien\/\"><u>bestimmte Bedingungen<\/u><\/a> erf\u00fcllt werden.<\/p>\n<p>In diesem Fall erscheint vor dem Artikel und deutlich sichtbar ein entsprechender Hinweis dar\u00fcber, dass Sie den Artikel in Auftrag gegeben haben. Unter dem Artikel werden in einem sehr pers\u00f6nlichen Text die besonderen Bedingungen der Zusammenarbeit erl\u00e4utert, damit f\u00fcr den Leser transparent bleibt, wie das Feature entstanden ist, und er sicher sein kann, dass die Vorstellung in Inhalt, Wortwahl und Schreibstil nicht beeinflusst wurde und in keiner Weise eine Werbung darstellt.<\/p>\n<p>Dies geh\u00f6rt zu den ethischen Prinzipien dieses Magazins, die nicht verhandelbar sind.<\/p>\n<p>&nbsp;<\/p>\n<p><strong>KANN \u201eKLEIN &#8211; FEIN &#8211; ECHT\u201c ABONNIERT WERDEN?<\/strong><\/p>\n<p>\u201eKlein &#8211; Fein &#8211; Echt\u201c ist zwar ein Magazin, bietet aber keine Abonnement-Funktion an, wie sie bei Blogs \u00fcblich ist. Dies kann unlogisch erscheinen, ist aber tats\u00e4chlich wohl \u00fcberlegt.<\/p>\n<p>Ein wichtiger Aspekt sind hierbei der <a href=\"https:\/\/textloft.de\/klein-fein-echt\/datenschutzerklaerung\/\"><u>Datenschutz<\/u><\/a>, das Recht auf pers\u00f6nliche Darstellung und das Urheberrecht.<\/p>\n<p>Ein Online-Abonnement bedeutet naturgem\u00e4\u00df immer, dass Sie Ihre Daten mitteilen m\u00fcssen, und ist unvermeidlich mit Cookies, Analytic-Tools und Datenspeicherung verbunden. Hier ist es nicht n\u00f6tig: \u201eKlein &#8211; Fein &#8211; Echt\u201c enth\u00e4lt keine Cookies und verwendet auch keinerlei Analytics-Software oder -Funktionen, und dies soll so bleiben. Sie k\u00f6nnen entspannt und v\u00f6llig anonym lesen, als w\u00fcrden Sie in einem Zeitungskiosk, in dem Sie niemand kennt, eine analoge Zeitschrift kaufen und bar bezahlen, oder im Lesesaal einer Bibliothek eine Zeitung durchbl\u00e4ttern.<\/p>\n<p>Abonnement-Dienste in Form von RSS-Feeds vervielf\u00e4ltigen zudem im Allgemeinen Texte als Ganzes ohne Erlaubnis, und f\u00fcgen sie im eigenen Format in ihre Timeline ein. Vorgestellte Unternehmen oder Auftraggeber haben aber das Recht zu wissen, wo genau und in welcher Form ein Artikel \u00fcber sie ver\u00f6ffentlicht wird. Wer sich mit dem Erscheinen eines Artikels in \u201eKlein &#8211; Fein &#8211; Echt\u201c einverstanden erkl\u00e4rt, stimmt nicht automatisch der Ver\u00f6ffentlichung auf anderen Plattformen zu. Diese Transparenz ist \u201eKlein &#8211; Fein &#8211; Echt\u201c wichtig. Deshalb wird hier keine solche Funktion angeboten.<\/p>\n<p>&nbsp;<\/p>\n<p style=\"text-align: left;\"><strong>WARUM GIBT ES IN \u201eKLEIN &#8211; FEIN &#8211; ECHT\u201c KEINE LINKS?<br \/>\n<\/strong><br \/>\nDurch die heutige Gesetzgebung erw\u00e4chst aus jedem kleinen und scheinbar harmlosen Link eine \u00fcberdimensionale Verantwortung, die zu tragen ich nicht bereit bin. W\u00fcrde ich zu anderen Blogs oder Websites verlinken, m\u00fcsste ich sehr regelm\u00e4\u00dfig pr\u00fcfen und sicherstellen, ob und dass die entsprechende Zieladresse alle geltenden Gesetze aufs Genaueste befolgt, jede noch so kleine \u00c4nderung der DSGVO, der Cookie-Richtlinie, des Urheberrechts und noch weiterer Vorschriften peinlich genau und sofort umsetzt. Ich habe als 1-Person-Redaktion, die ein lediglich kostenloses Herzensmagazin betreibt, weder die Zeit, noch \u2013 angesichts dessen, dass selbst Anw\u00e4lten oft nicht ganz klar ist, was noch zul\u00e4ssig ist oder bald ein Minenfeld werden k\u00f6nnte \u2013 die juristischen Kenntnisse daf\u00fcr, noch kann ich mir leisten, wegen eines so kleinen Projekts ohne wirtschaftliche Ambitionen meine finanzielle Existenz aufs Spiel zu setzen. Deshalb gehen von diesem Blog aus keine ausgehenden Links.<\/p>\n<p>&nbsp;<\/p>\n<p><strong>ICH MAG \u201eKLEIN &#8211; FEIN &#8211; ECHT\u201c. WIE KANN ICH DAS MAGAZIN UNTERST\u00dcTZEN?<\/strong><\/p>\n<p>Sie k\u00f6nnen \u201eKlein &#8211; Fein &#8211; Echt\u201c in der Tat auf vielf\u00e4ltige Weise unterst\u00fctzen:<br \/>\n<strong>&#8211; Fotographien spenden<\/strong><br \/>\nIch bin immer auf der Suche nach qualitativ hochwertigen Fotografien, um dieses Blog zu illustrieren. Plattformen mit kostenlosen Bildern sind kein rechtlich sicherer Weg, und selbst gekaufte Lizenzen k\u00f6nnen, wenn sie stillschweigend ge\u00e4ndert, zur\u00fcckgezogen werden oder ablaufen, zu einem urheberrechtlichen Albtraum werden. Ob Sie Hobby- oder professioneller Fotograf sind &#8211; falls Sie Bilder gemacht haben, die zu den Themen dieses Blogs passen, Sie bereit sind, eine urheber- und datenschutzrechtliche Erkl\u00e4rung (das Formular sende ich Ihnen zu) zu unterzeichnen und mir das Recht auf Ver\u00f6ffentlichung in \u201eKlein &#8211; Fein &#8211; Echt\u201c ausdr\u00fccklich auf unbegrenzte Zeit kostenlos einzur\u00e4umen, k\u00f6nnen Sie einen wichtigen Beitrag zum Erfolg dieses Projekts leisten. Selbstverst\u00e4ndlich werden Sie als Urheber genannt und ausdr\u00fccklich als M\u00e4zen von \u201eKlein &#8211; Fein &#8211; Echt\u201c hervorgehoben.<br \/>\n<strong>Alternativ:<\/strong> Wenn Sie eine gute gebrauchte Kamera haben, die Sie nicht mehr ben\u00f6tigen &#8230;<br \/>\n<strong>&#8211; Anregungen und Kontakte<\/strong><br \/>\nVielleicht kennen Sie ein kleines Unternehmen, dessen Ansatz einzigartig ist und das gern auf \u201eKlein &#8211; Fein &#8211; Echt\u201c vorgestellt werden m\u00f6chte. Oder einen Lebensk\u00fcnstler mit einer besonderen Geschichte. Machen Sie sie auf \u201eKlein &#8211; Fein &#8211; Echt\u201c aufmerksam und regen Sie sie dazu an, mit mir Kontakt aufzunehmen.<br \/>\n<strong>&#8211; M\u00e4zen werden<\/strong><br \/>\nWenn Sie Freude an meinen Artikeln haben und dies mit einer kleinen Zuwendung zeigen m\u00f6chten, die mir hilft, dieses Projekt so lange wie m\u00f6glich weiterzuf\u00fchren, w\u00e4re ich Ihnen nat\u00fcrlich unendlich dankbar. Wie ich es in einem meiner anderen Blogs erkl\u00e4rt habe: \u201eWenn auch Sie schon einmal eine M\u00fcnze in das Kreided\u00f6schen eines Stra\u00dfenmalers geworfen haben, dann k\u00f6nnen Sie auch hier das Gleiche tun\u201c. Hierzu steht Ihnen ein Donate-Button zur Verf\u00fcgung.<br \/>\nLesen Sie jedoch zuvor diese wichtigen Hinweise:<\/p>\n<p style=\"padding-left: 40px;\"><b>COOKIE- &amp; DATENSCHUTZ-HINWEIS zum DONATE-BUTTON: <\/b> Meine Websites verwenden keine Cookies. Cookies werden lediglich von PayPal aktiviert, wenn Sie auf den PayPal-Button klicken. PayPal erhebt, speichert und verarbeitet zudem Daten, sobald Sie den Donate-Button verwenden. <b>Bevor<\/b> Sie auf den PayPal-Button klicken, lesen Sie also <b>unbedingt<\/b> die <a href=\"https:\/\/www.paypal.com\/DE\/webapps\/mpp\/ua\/privacy-full?locale.x=de_DE\" target=\"_blank\" rel=\"noopener noreferrer\"><b>Datenschutzerkl\u00e4rung von PayPal<\/b><\/a>. Weitere Hinweise finden Sie auch in meiner eigenen <a href=\"https:\/\/textloft.de\/klein-fein-echt\/datenschutzerklaerung\/\">Datenschutzerkl\u00e4rung<\/a>.<\/p>\n<form action=\"https:\/\/www.paypal.com\/cgi-bin\/webscr\" method=\"post\" target=\"_top\"><input title=\"PayPal - The safer, easier way to pay online!\" alt=\"Donate with PayPal button\" name=\"submit\" src=\"https:\/\/www.paypalobjects.com\/en_US\/i\/btn\/btn_donate_LG.gif\" type=\"image\" \/><\/form>\n<p>&nbsp;<\/p>\n","protected":false},"excerpt":{"rendered":"<p>WAS IST \u201eKLEIN &#8211; FEIN &#8211; ECHT\u201c? \u201eKlein &#8211; Fein &#8211; Echt\u201c ist ein f\u00fcr den Leser kostenloses Magazin aus Features, Kolumnen und Leitartikeln. &nbsp;&#8230;<\/p>\n<div class=\"more-link-wrapper\"><a class=\"more-link\" href=\"https:\/\/textloft.de\/klein-fein-echt\/ueber-klein-fein\/\">mehr<span class=\"screen-reader-text\">\u00dcber Klein &#8211; Fein &#8211; Echt: 8 Fragen &#038; Antworten<\/span><\/a><\/div>\n","protected":false},"author":1,"featured_media":0,"parent":0,"menu_order":0,"comment_status":"closed","ping_status":"closed","template":"","meta":{"footnotes":""},"class_list":["post-134","page","type-page","status-publish","hentry","entry"],"_links":{"self":[{"href":"https:\/\/textloft.de\/klein-fein-echt\/wp-json\/wp\/v2\/pages\/134","targetHints":{"allow":["GET"]}}],"collection":[{"href":"https:\/\/textloft.de\/klein-fein-echt\/wp-json\/wp\/v2\/pages"}],"about":[{"href":"https:\/\/textloft.de\/klein-fein-echt\/wp-json\/wp\/v2\/types\/page"}],"author":[{"embeddable":true,"href":"https:\/\/textloft.de\/klein-fein-echt\/wp-json\/wp\/v2\/users\/1"}],"replies":[{"embeddable":true,"href":"https:\/\/textloft.de\/klein-fein-echt\/wp-json\/wp\/v2\/comments?post=134"}],"version-history":[{"count":24,"href":"https:\/\/textloft.de\/klein-fein-echt\/wp-json\/wp\/v2\/pages\/134\/revisions"}],"predecessor-version":[{"id":147,"href":"https:\/\/textloft.de\/klein-fein-echt\/wp-json\/wp\/v2\/pages\/134\/revisions\/147"}],"wp:attachment":[{"href":"https:\/\/textloft.de\/klein-fein-echt\/wp-json\/wp\/v2\/media?parent=134"}],"curies":[{"name":"wp","href":"https:\/\/api.w.org\/{rel}","templated":true}]}}